{"id":2561,"date":"2024-07-17T13:30:10","date_gmt":"2024-07-17T11:30:10","guid":{"rendered":"https:\/\/expolys.com\/expo\/?page_id=2561"},"modified":"2025-07-30T13:45:24","modified_gmt":"2025-07-30T11:45:24","slug":"services","status":"publish","type":"page","link":"https:\/\/expolys.com\/expo\/services\/","title":{"rendered":"Services"},"content":{"rendered":"\t\t<div data-elementor-type=\"wp-page\" data-elementor-id=\"2561\" class=\"elementor elementor-2561\">\n\t\t\t\t<div class=\"elementor-element elementor-element-4ee5366 e-con-full hero-top e-flex wpr-particle-no wpr-jarallax-no wpr-parallax-no wpr-sticky-section-no e-con e-parent\" data-id=\"4ee5366\" data-element_type=\"container\" data-settings=\"{&quot;background_background&quot;:&quot;classic&quot;}\">\n\t\t<div class=\"elementor-element elementor-element-26ee4b1 cadre-hero-services e-flex e-con-boxed wpr-particle-no wpr-jarallax-no wpr-parallax-no wpr-sticky-section-no e-con e-child\" data-id=\"26ee4b1\" data-element_type=\"container\" data-settings=\"{&quot;background_background&quot;:&quot;classic&quot;}\">\n\t\t\t\t\t<div class=\"e-con-inner\">\n\t\t\t\t<div class=\"elementor-element elementor-element-fa3d320 elementor-widget__width-initial titre-h1-hero elementor-widget elementor-widget-heading\" data-id=\"fa3d320\" data-element_type=\"widget\" data-widget_type=\"heading.default\">\n\t\t\t\t\t<h1 class=\"elementor-heading-title elementor-size-default\">LES SERVICES CHEZ EXPOLYS<\/h1>\t\t\t\t<\/div>\n\t\t\t\t\t<\/div>\n\t\t\t\t<\/div>\n\t\t\t\t<\/div>\n\t\t<div class=\"elementor-element elementor-element-e2f15f5 e-flex e-con-boxed wpr-particle-no wpr-jarallax-no wpr-parallax-no wpr-sticky-section-no e-con e-parent\" data-id=\"e2f15f5\" data-element_type=\"container\" id=\"fabrication\" data-settings=\"{&quot;background_background&quot;:&quot;classic&quot;}\">\n\t\t\t\t\t<div class=\"e-con-inner\">\n\t\t<div class=\"elementor-element elementor-element-60b8ed01 e-con-full e-flex wpr-particle-no wpr-jarallax-no wpr-parallax-no wpr-sticky-section-no e-con e-child\" data-id=\"60b8ed01\" data-element_type=\"container\">\n\t\t\t\t<div class=\"elementor-element elementor-element-694de2ad elementor-widget__width-initial elementor-widget elementor-widget-heading\" data-id=\"694de2ad\" data-element_type=\"widget\" data-widget_type=\"heading.default\">\n\t\t\t\t\t<h2 class=\"elementor-heading-title elementor-size-default\">Une fabrication 100% fran\u00e7aise.<\/h2>\t\t\t\t<\/div>\n\t\t\t\t<div class=\"elementor-element elementor-element-62c03446 elementor-widget elementor-widget-text-editor\" data-id=\"62c03446\" data-element_type=\"widget\" data-widget_type=\"text-editor.default\">\n\t\t\t\t\t\t\t\t\t<p>Tous les \u00e9l\u00e9ments de stand sont usin\u00e9s et fabriqu\u00e9s sur place par nos menuisiers exp\u00e9riment\u00e9s, qui partagent tous la passion du travail bien fait.<\/p><p>Ils ont pour objectif de traduire les id\u00e9es des bureaux d\u2019\u00e9tudes et de r\u00e9aliser les stands les plus audacieux ! Quelle que soit la demande, ils s\u2019\u00e9vertueront \u00e0 rendre l\u2019impossible r\u00e9alisable !<\/p>\t\t\t\t\t\t\t\t<\/div>\n\t\t\t\t<\/div>\n\t\t<div class=\"elementor-element elementor-element-59e36136 e-con-full e-flex wpr-particle-no wpr-jarallax-no wpr-parallax-no wpr-sticky-section-no e-con e-child\" data-id=\"59e36136\" data-element_type=\"container\">\n\t\t\t\t<div class=\"elementor-element elementor-element-f66d5fa elementor-widget elementor-widget-video\" data-id=\"f66d5fa\" data-element_type=\"widget\" data-settings=\"{&quot;youtube_url&quot;:&quot;https:\\\/\\\/youtu.be\\\/gPP3hdA0Nms&quot;,&quot;video_type&quot;:&quot;youtube&quot;,&quot;controls&quot;:&quot;yes&quot;}\" data-widget_type=\"video.default\">\n\t\t\t\t\t\t\t<div class=\"elementor-wrapper elementor-open-inline\">\n\t\t\t<div class=\"elementor-video\"><\/div>\t\t<\/div>\n\t\t\t\t\t\t<\/div>\n\t\t\t\t<\/div>\n\t\t\t\t\t<\/div>\n\t\t\t\t<\/div>\n\t\t<div class=\"elementor-element elementor-element-6723897 e-flex e-con-boxed wpr-particle-no wpr-jarallax-no wpr-parallax-no wpr-sticky-section-no e-con e-parent\" data-id=\"6723897\" data-element_type=\"container\" id=\"installation\" data-settings=\"{&quot;background_background&quot;:&quot;classic&quot;}\">\n\t\t\t\t\t<div class=\"e-con-inner\">\n\t\t<div class=\"elementor-element elementor-element-be4dd5c e-flex e-con-boxed wpr-particle-no wpr-jarallax-no wpr-parallax-no wpr-sticky-section-no e-con e-child\" data-id=\"be4dd5c\" data-element_type=\"container\">\n\t\t\t\t\t<div class=\"e-con-inner\">\n\t\t\t\t<div class=\"elementor-element elementor-element-5e1decc elementor-widget elementor-widget-heading\" data-id=\"5e1decc\" data-element_type=\"widget\" data-widget_type=\"heading.default\">\n\t\t\t\t\t<h2 class=\"elementor-heading-title elementor-size-default\">Une installation minutieuse et garantie ! <\/h2>\t\t\t\t<\/div>\n\t\t\t\t<div class=\"elementor-element elementor-element-5701af6 elementor-widget elementor-widget-text-editor\" data-id=\"5701af6\" data-element_type=\"widget\" data-widget_type=\"text-editor.default\">\n\t\t\t\t\t\t\t\t\t<p>Apr\u00e8s la phase de fabrication, vient celle des chargements des poids lourds, du transport dans de bonnes conditions et du d\u00e9chargement sur site.<\/p><p>Les \u00e9quipes d\u2019EXPOLYS veillent \u00e0 travailler dans les conditions de s\u00e9curit\u00e9 requises afin de mettre en oeuvre VOS STANDS dans les temps impartis.<\/p>\t\t\t\t\t\t\t\t<\/div>\n\t\t\t\t\t<\/div>\n\t\t\t\t<\/div>\n\t\t<div class=\"elementor-element elementor-element-cee5a98 e-flex e-con-boxed wpr-particle-no wpr-jarallax-no wpr-parallax-no wpr-sticky-section-no e-con e-child\" data-id=\"cee5a98\" data-element_type=\"container\">\n\t\t\t\t\t<div class=\"e-con-inner\">\n\t\t\t\t<div class=\"elementor-element elementor-element-7dc9ffc elementor-widget elementor-widget-video\" data-id=\"7dc9ffc\" data-element_type=\"widget\" data-settings=\"{&quot;video_type&quot;:&quot;hosted&quot;,&quot;controls&quot;:&quot;yes&quot;}\" data-widget_type=\"video.default\">\n\t\t\t\t\t\t\t<div class=\"e-hosted-video elementor-wrapper elementor-open-inline\">\n\t\t\t\t\t<video class=\"elementor-video\" src=\"https:\/\/expolys.com\/expo\/wp-content\/uploads\/2023\/04\/pose.mp4\" controls=\"\" preload=\"metadata\" controlsList=\"nodownload\"><\/video>\n\t\t\t\t<\/div>\n\t\t\t\t\t\t<\/div>\n\t\t\t\t\t<\/div>\n\t\t\t\t<\/div>\n\t\t\t\t\t<\/div>\n\t\t\t\t<\/div>\n\t\t<div class=\"elementor-element elementor-element-a944ffd e-flex e-con-boxed wpr-particle-no wpr-jarallax-no wpr-parallax-no wpr-sticky-section-no e-con e-parent\" data-id=\"a944ffd\" data-element_type=\"container\" id=\"stockage\" data-settings=\"{&quot;background_background&quot;:&quot;classic&quot;}\">\n\t\t\t\t\t<div class=\"e-con-inner\">\n\t\t<div class=\"elementor-element elementor-element-150c26e e-con-full e-flex wpr-particle-no wpr-jarallax-no wpr-parallax-no wpr-sticky-section-no e-con e-child\" data-id=\"150c26e\" data-element_type=\"container\">\n\t\t\t\t<div class=\"elementor-element elementor-element-b04a149 elementor-widget elementor-widget-heading\" data-id=\"b04a149\" data-element_type=\"widget\" data-widget_type=\"heading.default\">\n\t\t\t\t\t<h2 class=\"elementor-heading-title elementor-size-default\">Des stands bien gard\u00e9s.<\/h2>\t\t\t\t<\/div>\n\t\t\t\t<div class=\"elementor-element elementor-element-1d80ab7 elementor-widget elementor-widget-text-editor\" data-id=\"1d80ab7\" data-element_type=\"widget\" data-widget_type=\"text-editor.default\">\n\t\t\t\t\t\t\t\t\t<p>EXPOLYS propose aussi une belle surface attenante \u00e0 l\u2019atelier d\u00e9di\u00e9s au stockage.<\/p><p>Nous proposons la possibilit\u00e9 de garder les structures de stands, de les faire transiter vers les prochains sites d\u2019exposition, ou de les mettre \u00e0 disposition afin de rentabiliser l\u2019investissement.<\/p><p>Planifier les futurs stands, apporter des modifications ou encore fabriquer des \u00e9l\u00e9ments structurels compl\u00e9mentaires, les solutions sont multiples !<\/p>\t\t\t\t\t\t\t\t<\/div>\n\t\t\t\t<\/div>\n\t\t<div class=\"elementor-element elementor-element-bd67c73 e-con-full e-flex wpr-particle-no wpr-jarallax-no wpr-parallax-no wpr-sticky-section-no e-con e-child\" data-id=\"bd67c73\" data-element_type=\"container\">\n\t\t\t\t<div class=\"elementor-element elementor-element-ef8c292 elementor-widget elementor-widget-image\" data-id=\"ef8c292\" data-element_type=\"widget\" data-widget_type=\"image.default\">\n\t\t\t\t\t\t\t\t\t\t\t\t\t\t\t<img fetchpriority=\"high\" decoding=\"async\" width=\"1030\" height=\"773\" src=\"https:\/\/expolys.com\/expo\/wp-content\/uploads\/2024\/11\/IMG_8154-1030x773.jpeg\" class=\"attachment-large size-large wp-image-5593\" alt=\"Atelier\" srcset=\"https:\/\/expolys.com\/expo\/wp-content\/uploads\/2024\/11\/IMG_8154-1030x773.jpeg 1030w, https:\/\/expolys.com\/expo\/wp-content\/uploads\/2024\/11\/IMG_8154-300x225.jpeg 300w, https:\/\/expolys.com\/expo\/wp-content\/uploads\/2024\/11\/IMG_8154-768x576.jpeg 768w, https:\/\/expolys.com\/expo\/wp-content\/uploads\/2024\/11\/IMG_8154-1536x1152.jpeg 1536w, https:\/\/expolys.com\/expo\/wp-content\/uploads\/2024\/11\/IMG_8154-2048x1536.jpeg 2048w, https:\/\/expolys.com\/expo\/wp-content\/uploads\/2024\/11\/IMG_8154-1500x1125.jpeg 1500w, https:\/\/expolys.com\/expo\/wp-content\/uploads\/2024\/11\/IMG_8154-705x529.jpeg 705w\" sizes=\"(max-width: 1030px) 100vw, 1030px\" \/>\t\t\t\t\t\t\t\t\t\t\t\t\t\t\t<\/div>\n\t\t\t\t<\/div>\n\t\t\t\t\t<\/div>\n\t\t\t\t<\/div>\n\t\t<div class=\"elementor-element elementor-element-4904582 e-con-full cta-expolys e-flex wpr-particle-no wpr-jarallax-no wpr-parallax-no wpr-sticky-section-no e-con e-parent\" data-id=\"4904582\" data-element_type=\"container\">\n\t\t\t\t<div class=\"elementor-element elementor-element-c9b86e1 elementor-widget__width-initial titre-h2-white elementor-widget elementor-widget-heading\" data-id=\"c9b86e1\" data-element_type=\"widget\" data-widget_type=\"heading.default\">\n\t\t\t\t\t<h2 class=\"elementor-heading-title elementor-size-default\">Confiez nous votre projet<\/h2>\t\t\t\t<\/div>\n\t\t\t\t<div class=\"elementor-element elementor-element-49fe6b9 elementor-widget elementor-widget-text-editor\" data-id=\"49fe6b9\" data-element_type=\"widget\" data-widget_type=\"text-editor.default\">\n\t\t\t\t\t\t\t\t\t<p>L&rsquo;\u00e9quipe d&rsquo;Expolys serait ravis de vous aider \u00e0 r\u00e9aliser vos prochaines r\u00e9alisations.<\/p>\t\t\t\t\t\t\t\t<\/div>\n\t\t\t\t<div class=\"elementor-element elementor-element-112e452 elementor-widget elementor-widget-button\" data-id=\"112e452\" data-element_type=\"widget\" data-widget_type=\"button.default\">\n\t\t\t\t\t\t\t\t\t\t<a class=\"elementor-button elementor-button-link elementor-size-sm\" href=\"https:\/\/expolys.com\/expo\/contact\/\" id=\"button-secondary\">\n\t\t\t\t\t\t<span class=\"elementor-button-content-wrapper\">\n\t\t\t\t\t\t\t\t\t<span class=\"elementor-button-text\">Contact<\/span>\n\t\t\t\t\t<\/span>\n\t\t\t\t\t<\/a>\n\t\t\t\t\t\t\t\t<\/div>\n\t\t\t\t<\/div>\n\t\t\t\t<\/div>\n\t\t","protected":false},"excerpt":{"rendered":"<p>LES SERVICES CHEZ EXPOLYS Une fabrication 100% fran\u00e7aise. Tous les \u00e9l\u00e9ments de stand sont usin\u00e9s et fabriqu\u00e9s sur place par nos menuisiers exp\u00e9riment\u00e9s, qui partagent tous la passion du travail bien fait. Ils ont pour objectif de traduire les id\u00e9es des bureaux d\u2019\u00e9tudes et de r\u00e9aliser les stands les plus audacieux ! Quelle que soit la demande, ils s\u2019\u00e9vertueront \u00e0 rendre l\u2019impossible r\u00e9alisable ! https:\/\/youtu.be\/gPP3hdA0Nms Une installation minutieuse et garantie ! Apr\u00e8s la phase de fabrication, vient celle des chargements des poids lourds, du transport dans de bonnes conditions et du d\u00e9chargement sur site. Les \u00e9quipes d\u2019EXPOLYS veillent \u00e0 travailler dans les conditions de s\u00e9curit\u00e9 requises afin de mettre en oeuvre VOS STANDS dans les temps impartis. https:\/\/expolys.com\/expo\/wp-content\/uploads\/2023\/04\/pose.mp4 Des stands bien gard\u00e9s. EXPOLYS propose aussi une belle surface attenante \u00e0 l\u2019atelier d\u00e9di\u00e9s au stockage. Nous proposons la possibilit\u00e9 de garder les structures de stands, de les faire transiter vers les prochains sites d\u2019exposition, ou de les mettre \u00e0 disposition afin de rentabiliser l\u2019investissement. Planifier les futurs stands, apporter des modifications ou encore fabriquer des \u00e9l\u00e9ments structurels compl\u00e9mentaires, les solutions sont multiples ! Confiez nous votre projet L&rsquo;\u00e9quipe d&rsquo;Expolys serait ravis de vous aider \u00e0 r\u00e9aliser vos prochaines r\u00e9alisations. Contact<\/p>\n","protected":false},"author":1,"featured_media":0,"parent":0,"menu_order":0,"comment_status":"closed","ping_status":"closed","template":"elementor_header_footer","meta":{"footnotes":""},"class_list":["post-2561","page","type-page","status-publish","hentry"],"yoast_head":"<!-- This site is optimized with the Yoast SEO plugin v25.6 - https:\/\/yoast.com\/wordpress\/plugins\/seo\/ -->\n<title>Services &#8212; Exposer &amp; agencer pour cr\u00e9er la diff\u00e9rence<\/title>\n<meta name=\"robots\" content=\"index, follow, max-snippet:-1, max-image-preview:large, max-video-preview:-1\" \/>\n<link rel=\"canonical\" href=\"https:\/\/expolys.com\/expo\/services\/\" \/>\n<meta property=\"og:locale\" content=\"fr_FR\" \/>\n<meta property=\"og:type\" content=\"article\" \/>\n<meta property=\"og:title\" content=\"Services &#8212; Exposer &amp; agencer pour cr\u00e9er la diff\u00e9rence\" \/>\n<meta property=\"og:description\" content=\"LES SERVICES CHEZ EXPOLYS Une fabrication 100% fran\u00e7aise. Tous les \u00e9l\u00e9ments de stand sont usin\u00e9s et fabriqu\u00e9s sur place par nos menuisiers exp\u00e9riment\u00e9s, qui partagent tous la passion du travail bien fait. Ils ont pour objectif de traduire les id\u00e9es des bureaux d\u2019\u00e9tudes et de r\u00e9aliser les stands les plus audacieux ! Quelle que soit la demande, ils s\u2019\u00e9vertueront \u00e0 rendre l\u2019impossible r\u00e9alisable ! https:\/\/youtu.be\/gPP3hdA0Nms Une installation minutieuse et garantie ! Apr\u00e8s la phase de fabrication, vient celle des chargements des poids lourds, du transport dans de bonnes conditions et du d\u00e9chargement sur site. Les \u00e9quipes d\u2019EXPOLYS veillent \u00e0 travailler dans les conditions de s\u00e9curit\u00e9 requises afin de mettre en oeuvre VOS STANDS dans les temps impartis. https:\/\/expolys.com\/expo\/wp-content\/uploads\/2023\/04\/pose.mp4 Des stands bien gard\u00e9s. EXPOLYS propose aussi une belle surface attenante \u00e0 l\u2019atelier d\u00e9di\u00e9s au stockage. Nous proposons la possibilit\u00e9 de garder les structures de stands, de les faire transiter vers les prochains sites d\u2019exposition, ou de les mettre \u00e0 disposition afin de rentabiliser l\u2019investissement. Planifier les futurs stands, apporter des modifications ou encore fabriquer des \u00e9l\u00e9ments structurels compl\u00e9mentaires, les solutions sont multiples ! Confiez nous votre projet L&rsquo;\u00e9quipe d&rsquo;Expolys serait ravis de vous aider \u00e0 r\u00e9aliser vos prochaines r\u00e9alisations. Contact\" \/>\n<meta property=\"og:url\" content=\"https:\/\/expolys.com\/expo\/services\/\" \/>\n<meta property=\"og:site_name\" content=\"Expolys\" \/>\n<meta property=\"article:modified_time\" content=\"2025-07-30T11:45:24+00:00\" \/>\n<meta property=\"og:image\" content=\"https:\/\/expolys.com\/expo\/wp-content\/uploads\/2024\/11\/IMG_8154-1030x773.jpeg\" \/>\n\t<meta property=\"og:image:width\" content=\"1030\" \/>\n\t<meta property=\"og:image:height\" content=\"773\" \/>\n\t<meta property=\"og:image:type\" content=\"image\/jpeg\" \/>\n<meta name=\"twitter:card\" content=\"summary_large_image\" \/>\n<meta name=\"twitter:label1\" content=\"Dur\u00e9e de lecture estim\u00e9e\" \/>\n\t<meta name=\"twitter:data1\" content=\"1 minute\" \/>\n<script type=\"application\/ld+json\" class=\"yoast-schema-graph\">{\"@context\":\"https:\/\/schema.org\",\"@graph\":[{\"@type\":\"WebPage\",\"@id\":\"https:\/\/expolys.com\/expo\/services\/\",\"url\":\"https:\/\/expolys.com\/expo\/services\/\",\"name\":\"Services &#8212; Exposer &amp; agencer pour cr\u00e9er la diff\u00e9rence\",\"isPartOf\":{\"@id\":\"https:\/\/expolys.com\/expo\/#website\"},\"primaryImageOfPage\":{\"@id\":\"https:\/\/expolys.com\/expo\/services\/#primaryimage\"},\"image\":{\"@id\":\"https:\/\/expolys.com\/expo\/services\/#primaryimage\"},\"thumbnailUrl\":\"https:\/\/expolys.com\/expo\/wp-content\/uploads\/2024\/11\/IMG_8154-1030x773.jpeg\",\"datePublished\":\"2024-07-17T11:30:10+00:00\",\"dateModified\":\"2025-07-30T11:45:24+00:00\",\"breadcrumb\":{\"@id\":\"https:\/\/expolys.com\/expo\/services\/#breadcrumb\"},\"inLanguage\":\"fr-FR\",\"potentialAction\":[{\"@type\":\"ReadAction\",\"target\":[\"https:\/\/expolys.com\/expo\/services\/\"]}]},{\"@type\":\"ImageObject\",\"inLanguage\":\"fr-FR\",\"@id\":\"https:\/\/expolys.com\/expo\/services\/#primaryimage\",\"url\":\"https:\/\/expolys.com\/expo\/wp-content\/uploads\/2024\/11\/IMG_8154-scaled.jpeg\",\"contentUrl\":\"https:\/\/expolys.com\/expo\/wp-content\/uploads\/2024\/11\/IMG_8154-scaled.jpeg\",\"width\":2560,\"height\":1920,\"caption\":\"Atelier et le stockage\"},{\"@type\":\"BreadcrumbList\",\"@id\":\"https:\/\/expolys.com\/expo\/services\/#breadcrumb\",\"itemListElement\":[{\"@type\":\"ListItem\",\"position\":1,\"name\":\"Accueil\",\"item\":\"https:\/\/expolys.com\/expo\/\"},{\"@type\":\"ListItem\",\"position\":2,\"name\":\"Services\"}]},{\"@type\":\"WebSite\",\"@id\":\"https:\/\/expolys.com\/expo\/#website\",\"url\":\"https:\/\/expolys.com\/expo\/\",\"name\":\"Expolys\",\"description\":\"Exposer &amp; agencer pour cr\u00e9er la diff\u00e9rence\",\"publisher\":{\"@id\":\"https:\/\/expolys.com\/expo\/#organization\"},\"potentialAction\":[{\"@type\":\"SearchAction\",\"target\":{\"@type\":\"EntryPoint\",\"urlTemplate\":\"https:\/\/expolys.com\/expo\/?s={search_term_string}\"},\"query-input\":{\"@type\":\"PropertyValueSpecification\",\"valueRequired\":true,\"valueName\":\"search_term_string\"}}],\"inLanguage\":\"fr-FR\"},{\"@type\":\"Organization\",\"@id\":\"https:\/\/expolys.com\/expo\/#organization\",\"name\":\"EXPOLYS\",\"alternateName\":\"EXPOLYS\",\"url\":\"https:\/\/expolys.com\/expo\/\",\"logo\":{\"@type\":\"ImageObject\",\"inLanguage\":\"fr-FR\",\"@id\":\"https:\/\/expolys.com\/expo\/#\/schema\/logo\/image\/\",\"url\":\"https:\/\/expolys.com\/expo\/wp-content\/uploads\/2023\/03\/logo-expolys-web.png\",\"contentUrl\":\"https:\/\/expolys.com\/expo\/wp-content\/uploads\/2023\/03\/logo-expolys-web.png\",\"width\":600,\"height\":150,\"caption\":\"EXPOLYS\"},\"image\":{\"@id\":\"https:\/\/expolys.com\/expo\/#\/schema\/logo\/image\/\"}}]}<\/script>\n<!-- \/ Yoast SEO plugin. -->","yoast_head_json":{"title":"Services &#8212; Exposer &amp; agencer pour cr\u00e9er la diff\u00e9rence","robots":{"index":"index","follow":"follow","max-snippet":"max-snippet:-1","max-image-preview":"max-image-preview:large","max-video-preview":"max-video-preview:-1"},"canonical":"https:\/\/expolys.com\/expo\/services\/","og_locale":"fr_FR","og_type":"article","og_title":"Services &#8212; Exposer &amp; agencer pour cr\u00e9er la diff\u00e9rence","og_description":"LES SERVICES CHEZ EXPOLYS Une fabrication 100% fran\u00e7aise. Tous les \u00e9l\u00e9ments de stand sont usin\u00e9s et fabriqu\u00e9s sur place par nos menuisiers exp\u00e9riment\u00e9s, qui partagent tous la passion du travail bien fait. Ils ont pour objectif de traduire les id\u00e9es des bureaux d\u2019\u00e9tudes et de r\u00e9aliser les stands les plus audacieux ! Quelle que soit la demande, ils s\u2019\u00e9vertueront \u00e0 rendre l\u2019impossible r\u00e9alisable ! https:\/\/youtu.be\/gPP3hdA0Nms Une installation minutieuse et garantie ! Apr\u00e8s la phase de fabrication, vient celle des chargements des poids lourds, du transport dans de bonnes conditions et du d\u00e9chargement sur site. Les \u00e9quipes d\u2019EXPOLYS veillent \u00e0 travailler dans les conditions de s\u00e9curit\u00e9 requises afin de mettre en oeuvre VOS STANDS dans les temps impartis. https:\/\/expolys.com\/expo\/wp-content\/uploads\/2023\/04\/pose.mp4 Des stands bien gard\u00e9s. EXPOLYS propose aussi une belle surface attenante \u00e0 l\u2019atelier d\u00e9di\u00e9s au stockage. Nous proposons la possibilit\u00e9 de garder les structures de stands, de les faire transiter vers les prochains sites d\u2019exposition, ou de les mettre \u00e0 disposition afin de rentabiliser l\u2019investissement. Planifier les futurs stands, apporter des modifications ou encore fabriquer des \u00e9l\u00e9ments structurels compl\u00e9mentaires, les solutions sont multiples ! Confiez nous votre projet L&rsquo;\u00e9quipe d&rsquo;Expolys serait ravis de vous aider \u00e0 r\u00e9aliser vos prochaines r\u00e9alisations. Contact","og_url":"https:\/\/expolys.com\/expo\/services\/","og_site_name":"Expolys","article_modified_time":"2025-07-30T11:45:24+00:00","og_image":[{"width":1030,"height":773,"url":"https:\/\/expolys.com\/expo\/wp-content\/uploads\/2024\/11\/IMG_8154-1030x773.jpeg","type":"image\/jpeg"}],"twitter_card":"summary_large_image","twitter_misc":{"Dur\u00e9e de lecture estim\u00e9e":"1 minute"},"schema":{"@context":"https:\/\/schema.org","@graph":[{"@type":"WebPage","@id":"https:\/\/expolys.com\/expo\/services\/","url":"https:\/\/expolys.com\/expo\/services\/","name":"Services &#8212; Exposer &amp; agencer pour cr\u00e9er la diff\u00e9rence","isPartOf":{"@id":"https:\/\/expolys.com\/expo\/#website"},"primaryImageOfPage":{"@id":"https:\/\/expolys.com\/expo\/services\/#primaryimage"},"image":{"@id":"https:\/\/expolys.com\/expo\/services\/#primaryimage"},"thumbnailUrl":"https:\/\/expolys.com\/expo\/wp-content\/uploads\/2024\/11\/IMG_8154-1030x773.jpeg","datePublished":"2024-07-17T11:30:10+00:00","dateModified":"2025-07-30T11:45:24+00:00","breadcrumb":{"@id":"https:\/\/expolys.com\/expo\/services\/#breadcrumb"},"inLanguage":"fr-FR","potentialAction":[{"@type":"ReadAction","target":["https:\/\/expolys.com\/expo\/services\/"]}]},{"@type":"ImageObject","inLanguage":"fr-FR","@id":"https:\/\/expolys.com\/expo\/services\/#primaryimage","url":"https:\/\/expolys.com\/expo\/wp-content\/uploads\/2024\/11\/IMG_8154-scaled.jpeg","contentUrl":"https:\/\/expolys.com\/expo\/wp-content\/uploads\/2024\/11\/IMG_8154-scaled.jpeg","width":2560,"height":1920,"caption":"Atelier et le stockage"},{"@type":"BreadcrumbList","@id":"https:\/\/expolys.com\/expo\/services\/#breadcrumb","itemListElement":[{"@type":"ListItem","position":1,"name":"Accueil","item":"https:\/\/expolys.com\/expo\/"},{"@type":"ListItem","position":2,"name":"Services"}]},{"@type":"WebSite","@id":"https:\/\/expolys.com\/expo\/#website","url":"https:\/\/expolys.com\/expo\/","name":"Expolys","description":"Exposer &amp; agencer pour cr\u00e9er la diff\u00e9rence","publisher":{"@id":"https:\/\/expolys.com\/expo\/#organization"},"potentialAction":[{"@type":"SearchAction","target":{"@type":"EntryPoint","urlTemplate":"https:\/\/expolys.com\/expo\/?s={search_term_string}"},"query-input":{"@type":"PropertyValueSpecification","valueRequired":true,"valueName":"search_term_string"}}],"inLanguage":"fr-FR"},{"@type":"Organization","@id":"https:\/\/expolys.com\/expo\/#organization","name":"EXPOLYS","alternateName":"EXPOLYS","url":"https:\/\/expolys.com\/expo\/","logo":{"@type":"ImageObject","inLanguage":"fr-FR","@id":"https:\/\/expolys.com\/expo\/#\/schema\/logo\/image\/","url":"https:\/\/expolys.com\/expo\/wp-content\/uploads\/2023\/03\/logo-expolys-web.png","contentUrl":"https:\/\/expolys.com\/expo\/wp-content\/uploads\/2023\/03\/logo-expolys-web.png","width":600,"height":150,"caption":"EXPOLYS"},"image":{"@id":"https:\/\/expolys.com\/expo\/#\/schema\/logo\/image\/"}}]}},"_links":{"self":[{"href":"https:\/\/expolys.com\/expo\/wp-json\/wp\/v2\/pages\/2561","targetHints":{"allow":["GET"]}}],"collection":[{"href":"https:\/\/expolys.com\/expo\/wp-json\/wp\/v2\/pages"}],"about":[{"href":"https:\/\/expolys.com\/expo\/wp-json\/wp\/v2\/types\/page"}],"author":[{"embeddable":true,"href":"https:\/\/expolys.com\/expo\/wp-json\/wp\/v2\/users\/1"}],"replies":[{"embeddable":true,"href":"https:\/\/expolys.com\/expo\/wp-json\/wp\/v2\/comments?post=2561"}],"version-history":[{"count":12,"href":"https:\/\/expolys.com\/expo\/wp-json\/wp\/v2\/pages\/2561\/revisions"}],"predecessor-version":[{"id":7721,"href":"https:\/\/expolys.com\/expo\/wp-json\/wp\/v2\/pages\/2561\/revisions\/7721"}],"wp:attachment":[{"href":"https:\/\/expolys.com\/expo\/wp-json\/wp\/v2\/media?parent=2561"}],"curies":[{"name":"wp","href":"https:\/\/api.w.org\/{rel}","templated":true}]}}